{"id":136,"date":"2022-09-20T14:06:36","date_gmt":"2022-09-20T14:06:36","guid":{"rendered":"https:\/\/parkhaus-bohus-center.de\/?page_id=136"},"modified":"2022-09-20T14:06:36","modified_gmt":"2022-09-20T14:06:36","slug":"datenschutz","status":"publish","type":"page","link":"https:\/\/parkhaus-bohus-center.de\/?page_id=136","title":{"rendered":"Datenschutz"},"content":{"rendered":"\n<p><strong>Datenschutzerkl\u00e4rung<\/strong><br>In dieser Datenschutzerkl\u00e4rung informieren wir Sie \u00fcber die Art, den Umfang und den Zweck der Verarbeitung personenbezogener Daten (kurz \u201eDaten\u201c) auf unserer Website und weiteren angebunden Online-Angeboten wie unseren Social-Media-Profilen, App-Angeboten f\u00fcr Smartphones und Tablets sowie den Umgang mit eMails (kurz \u201eOnlineangebot\u201c) und die f\u00fcr Sie aus der DS-GVO resultierenden Rechte.<br><br>Wir verwenden au\u00dferdem Begriffe wie \u201eDatenverarbeiter\u201c oder \u201eAuftragsverarbeiter\u201c, die in Art. 4 der EU-Datenschutzgrundverordnung (EU-DSGVO) definiert sind.<br><br><strong>Datenschutz<\/strong><br>Als Betreiber dieser Seiten nehmen wir den Schutz Ihrer pers\u00f6nlichen Daten sehr ernst. Wir behandeln Ihre personenbezogenen Daten vertraulich und entsprechend der gesetzlichen Datenschutzvorschriften sowie dieser Datenschutzerkl\u00e4rung.<br><br>Die Nutzung unserer Webseite ist in der Regel ohne Angabe personenbezogener Daten m\u00f6glich. Soweit auf unseren Seiten personenbezogene Daten (beispielsweise Name, Anschrift oder eMail-Adressen) erhoben werden, erfolgt dies, soweit m\u00f6glich, stets auf freiwilliger Basis. Daten werden ohne Ihre ausdr\u00fcckliche Zustimmung nicht an Dritte weitergegeben.<br><br>Wir weisen darauf hin, dass die Daten\u00fcbertragung im Internet (z.B. bei der Kommunikation per eMail) Sicherheitsl\u00fccken aufweisen kann. Ein l\u00fcckenloser Schutz der Daten vor dem Zugriff durch Dritte ist nicht m\u00f6glich.<br><br><strong>Verantwortlich<\/strong><br>abc Parkhausverwaltung <br>Halderstr. 29<br>86150 Augsburg<br><br>08 21 \/ 3 46 56 \u2013 0<br>hallo@parkhaus-bohus-center.de<br><br>Impressum: https:\/\/parkhaus-bohus-center.de\/impressum<br><br>Unser Datenschutzbeauftragter Nenad Birek ist f\u00fcr Sie unter der eMail-Adresse datenschutz@rzh-gmbh.de erreichbar.<br><br><strong>Klarheit \u00fcber benutzte Begrifflichkeiten<\/strong><br>Unter \u201ePersonenbezogene Daten\u201c (kurz \u201ePbD\u201c) versteht man einzelne Daten, die den R\u00fcckschluss auf eine identifizierbare nat\u00fcrliche Person (kurz \u201eBetroffene\/r\u201c) erm\u00f6glichen. Als identifizierbar wird eine nat\u00fcrliche Person angesehen, die direkt oder indirekt, inbesondere mittels Zuordnung einer Kennung, eines Pseudonyms, eines Cookies oder Geo-Daten zu einem oder mehreren Merkmalen, als eigenst\u00e4ndiges Individuum erkannt werden kann oder k\u00f6nnte.<\/p>\n\n\n\n<p>Zu unterscheiden ist daher, ob Daten pseudonymisiert oder anonymisiert werden. \u201ePseudonymisierte Daten\u201c lassen weiterhin einen R\u00fcckschluss auf die Person zu und unterliegen daher weiterhin den strengen regularien des Datenschutzes. \u201eAnonymisierte Daten\u201c lassen keinen R\u00fcckschluss mehr zu; dies w\u00e4re insbesondere bei statistischen Auswertungen unn\u00f6tig.Mit \u201eVerarbeitung\u201c ist jeder Vorgang und jedes Verfahren zur Erhebung, \u00dcbermittlung, Speicherung, Ver\u00e4nderung und Neuordnung PbD beschrieben.<br><br>Wir bedienen uns diverser Dienstleister, die in unserem Auftrag PbD f\u00fcr uns verarbeiten. Diese \u201eAuftragsverarbeiter\u201c k\u00f6nnen nat\u00fcrliche oder juristische Personen, Beh\u00f6rden, Einrichtungen oder andere Stellen, die personenbezogene Daten im Auftrag des Verantwortlichen verarbeiten, sein.<br><br><strong>Cookies<\/strong><br>Cookies sind kleine Textdateien, die im Browser eines Nutzers gespeichert werden. Es gibt sog. Session-Cookies, die beim Schlie\u00dfen des Browserfenster automatisch gel\u00f6scht werden und persistente Cookies, die auch nach dem Schlie\u00dfen im Browser verbleiben und beim n\u00e4chsten Besuch der selben Website \u00fcbertragen werden. Wir benutzen beide Typen, um die Funktionsf\u00e4higkeit unseres Onlineangebotes gew\u00e4hrleisten zu k\u00f6nnen. Persistent gespeicherte Cookies beiinhalten in der Regel rein statistische Werte.<br><br>CDNs und andere Anbieter, die die Funktionalit\u00e4t des Onlineangebotes n\u00fctzlich erweitern, k\u00f6nnen sog. Third-Party-Cookies der selben Art schreiben, weswegen wir Fremdangebote nur sparsam einsetzen.<br><br>Jeder Nutzer kann die Akzeptanz von Cookies im jeweiligen Browser deaktivieren. Das Abschalten von Cookies kann zu eingeschr\u00e4nkter Funktionalit\u00e4t im Onlineangebot f\u00fchren.<br><br>Personalisierte Einstellungen k\u00f6nnen auch am Ende der DS-Erkl\u00e4rung vorgenommen werden.<br><br><strong>Datenverarbeitung und Rechte Betroffener<br>Datenverarbeitung<\/strong><br>Wir verarbeiten Daten unsere Kunden, Interessenten und anderen Vertragspartnern auf Grundlage von Art. 6 Abs 1 lit. b der DSGVO im Rahmen des jeweiligen Vertragswerkes zur Erf\u00fcllung der vertraglich oder vorvertraglich beschriebenen Leistungen. Verarbeitet werden Stammdaten (Name, MGNr, Adresse), Kontaktdaten (eMail, Telefonnummern), Rechnungsdaten (Vertragliche Leistungen, Bankdaten, Zahlstatus) sowie Verlaufsdaten (Vertragshistorie, Entwicklung).<\/p>\n\n\n\n<p>Unter Umst\u00e4nden verarbeiten wir auch PbD besonderer Schutzw\u00fcrdigkeit (bspw. Daten zum Gesundheitszustand). Diese k\u00f6nnen im vertraglichen oder vorvertraglichen Erf\u00fcllen von Leistungen erhoben und genutzt werden.<\/p>\n\n\n\n<p>Die Betroffenen werden bei der Erhebung der Daten \u00fcber den Zweck und die Notwendigkeit informiert. Werden Daten in anderes Systeme \u00fcbertragen, handelt der Betreiber im Auftrag unter den gesetzlichen Vorgaben und auf Grundlage eines geschlossenen Auftragsverarbeitungsvertrages.<br><br>Auf unseren Onlineangeboten k\u00f6nnen wir die IP-Adresse in Kombination mit dem Zeitpunkt einer Aktion speichern, um Missbrauch vorzubeugen oder diesen abzuwenden. Diese Daten werden nicht an Dritte weitergegeben oder anders als zur Verfolgung unserer Anspr\u00fcche nach Art. 6 Abs. 1 lit. f verwendet.<br><br><strong>Rechte Betroffener<\/strong><br>Entsprechend Art. 13 DSGVO informieren wir hier ausf\u00fchrlich und an gegebener Stelle ausdr\u00fccklich \u00fcber den Umfang und Zweck einer Datenerhebung und die daraus resultierenden Rechte auf \u00dcbertragung, Auskunft, Berichtigung, Einschr\u00e4nkung der Verarbeitung, \u00dcbertragung und L\u00f6schung. In der Regel ist ein berechtigtes Interesse nach Art. 6 Abs. 1 lit f oder eine explizite Einwilligung nach Art. 6 Abs. 1 lit. a Grundlage der Verarbeitung von Daten auf unseren Onlineangeboten. Wir erheben Daten so sparsam wie m\u00f6glich, anonymisieren wo immer Daten keinen Personenbezug ben\u00f6tigen und l\u00f6schen Daten, sobald diese nicht mehr zur Erf\u00fcllung ihres Erhebungszweckes ben\u00f6tigt werden. Betroffene k\u00f6nnen ihre o.g. Rechte unter o.g. Kontakt-eMail-Adresse anfragen. Wir werden diesen Anfragen schnellsm\u00f6glich nachkommen, sofern nicht \u00fcbergeordnete Gesetze (bspw: Archivpflicht) dies einschr\u00e4nken. Ferner hat jeder Nutzer das Recht, eine Beschwerde bei der zust\u00e4ndigen Aufsichtsbeh\u00f6rde einzureichen.<br><br><strong>Arten der zu verarbeitenden Daten<\/strong><\/p>\n\n\n\n<ul class=\"wp-block-list\"><li>Stammdaten (bspw. Namen, Postdressen, Mitgliedsnummern)<\/li><li>Kontaktdaten (bspw. eMail-Adressen, Telefonnummern)<\/li><li>Inhaltsdaten (bspw. Texteingaben, Uploads, Fotos, Videos)<\/li><li>Nutzungsdaten (bspw. besuchte Webseiten, Verweildauer, besuchte Themengebiete)<\/li><li>Statistikdaten (bspw. Browserkennungen, IP-Adressen, Bildschirmaufl\u00f6sungen)<\/li><\/ul>\n\n\n\n<p><strong>Kontaktaufnahme<\/strong><br>Nehmen Sie mit uns Kontakt (z.B. via R\u00fcckruf- oder Kontaktformular, eMail, Telefon, mobiler App oder auch Sozialer Medien) auf, dann werden die von Ihnen \u00fcbermittelten Daten entsprechend ihres Nutzungsweges verarbeitet und ggf. auch in ein anderes System (z.B. CRM) transferiert. Werden Daten dieser Art nicht mehr ben\u00f6tigt und sind wir nicht mehr verpflichtet, diese Daten bspw. zum Nachweis (vor)vertraglicher Kommunikation zu archivieren, werden diese gel\u00f6scht. Eine \u00dcberpr\u00fcfung verwirkter Aufbewahrungspflichten erfolgt in der Regel zum Jahresanfang.<br><br><strong>Newsletter<\/strong><br>Wir versenden u.U. eMails, die an eine Gruppe Interessierter gerichtet und in der Regel werblicher Natur sind; sog. Newsletter. Der Empfang eines Newsletters erfolgt auf ausdr\u00fcckliche Einwilligung des Inhabers einer eMail-Adresse, die durch ein double-opt-in-Verfahren gew\u00e4hrleistet und aufgrund berechtigten Interesses protokolliert (inkl. IP und Zeitpunkt der Best\u00e4tigung) wird. Jeder Empf\u00e4nger dieser eMails kann diese Einwilligung durch einen Klick auf einen entsprechenden Abmeldelink widerrufen, der in jeder einzelnen eMail enthalten ist.<br>Die Daten eines Widerrufs werden im berechtigten Interesse eines Nachweises des Widerrufs bis zu 3 Jahre gespeichert. Die weitere Verarbeitung dieser Daten wird auf den konkreten Fall der Schadensabwehr beschr\u00e4nkt.Im Rahmen der Anmeldung zu einem Newsletter sind keine weiteren Daten au\u00dfer einer eMail-Adresse notwendig. Weitere Angaben, wie Ihr Name zur Ansprache, sind freiwillig und beeintr\u00e4chtigen nicht die Leistung oder den Umfang der Newsletter.<br><br><strong>Zweck der Verarbeitung<\/strong><br>Bereitstellung des Onlineangebotes, dessen Funktionalit\u00e4t und Inhalte Beantwortung von Kontaktanfragen und Kommunikation mit Nutzern Statistische Auswertung der Besuche\/Nutzung zur Verbesserung<\/p>\n\n\n\n<ul class=\"wp-block-list\"><li>des Onlineangebotes<\/li><li>der Sicherheit und<\/li><li>zum Marketing<\/li><\/ul>\n\n\n\n<p><strong>Gesch\u00e4ftsbezogene Verarbeitung<\/strong><br>Zus\u00e4tzlich verarbeiten wir<\/p>\n\n\n\n<ul class=\"wp-block-list\"><li>Vertragsdaten (bspw. Vertragsgegenstand, Laufzeit, Kundenkategorie)<\/li><li>Zahlungsdaten (bspw. Bankverbindung, Zahlungshistorie)<\/li><\/ul>\n\n\n\n<p>von unseren Kunden, Interessenten und Gesch\u00e4ftspartnern zwecks Erbringung vertraglicher Leistungen, Service und Kundenpflege, Marketing, Werbung und Marktforschung<br><br><strong>Datensicherheit<\/strong><br>Wir sorgen entsprechend Art. 32 DSGVO f\u00fcr ein nach dem Stand der Technik bestm\u00f6gliches Schutzniveau unter Ber\u00fccksichtigung wirtschaftlicher Tragbarkeit in Abh\u00e4ngigkeit der Schutzw\u00fcrdigkeit der betreffenden Daten.<br><br>Sowohl der Zugang als auch der Zugriff auf Datenspeichersysteme ist ebenso wie bei unseren Auftragsverarbeitern im Hinblick auf Vertraulichkeit, Datenintegrit\u00e4t und Verf\u00fcgbarkeit der Daten reglementiert. Es existieren Verfahren gem\u00e4\u00df Art. 25 DSGVO, um jeglichen Rechten Betroffener nachkommen zu k\u00f6nnen, Risiken und Risiko\u00e4nderungen absch\u00e4tzen und entsprechend gegenwirken zu k\u00f6nnen.<br><br><strong>Zusammenarbeit mit Dritten<\/strong><br>Die \u00dcbermittlung, der Zugriff oder anderweitige Offenlegung von Daten an Dritte erfolgt ausschlie\u00dflich auf der Grundlage von Art. 6 Abs. 1 DSGVO \u2013 also nach Einwilligung des Betroffenen, zur Vertragserf\u00fcllung, bei rechtlicher Verpflichtung oder berechtigtem Interesse. Letzteres ist die Grundlage, Dienstleister zu beauftragen (bspw. Hoster und Online-Agenturen f\u00fcr die Funktionalit\u00e4t des Onlineangebotes). Mit allen Auftragsverarbeitern schlie\u00dfen wir einen entsprechenden Auftragsverarbeitungsvertrag gem\u00e4\u00dft Art. 28 DSGVO.<br><br><strong>Daten\u00fcbermittlungen in Drittl\u00e4nder<\/strong><br>Alle Daten dieses Onlineangebotes werden innerhalb der EU gespeichert und verarbeitet. Ist es nach Art. 6 Abs. 1 lit. f notwendig, Daten in Drittl\u00e4nder offenzulegen, implementieren wir dies nur nach ausdr\u00fccklicher Zusicherung der Datensicherheit nach europ\u00e4ischem Standard.<br><br><strong>Einbindung von googleMaps<\/strong><br>An ausgew\u00e4hlten Stellen des Onlineangebotes (Kontakt, Anfahrt) ist es hilfreich, eine aktuelle Karte anzuzeigen oder eine Routenberechnung anzubieten. Wir verwenden daher aus berechtigtem Interesse ggf. das Einbindungsangebot von googleMaps. Der Anbieter google erh\u00e4lt zwangsl\u00e4ufig die IP-Adresse der Nutzer des Onlineangebots, um das jeweilige Kartenmaterial anzeigen zu k\u00f6nnen. GoogleMaps k\u00f6nnte Nutzerprofile anhand des Einbaus erstellen. Der Anbieter ist aber <a href=\"https:\/\/www.privacyshield.gov\/participant?id=a2zt000000001L5AAI&amp;status=Active\" target=\"_blank\" rel=\"noreferrer noopener\">Privacy-Shield zertifiziert<\/a> und bietet die M\u00f6glichkeit, das Tracking zu deaktivieren.<br><br><strong>Datenschutzerkl\u00e4rung f\u00fcr die Nutzung von YouTube<\/strong><br>Auf unseren Seiten sind Funktionen des Dienstes YouTube eingebunden. Diese Funktionen werden angeboten durch die YouTube, LLC, 901 Cherry Ave., San Bruno, CA 94066, USA. YouTube (google) kann den Besuch unserer Seiten u.U. Ihrem Benutzerkonto zuordnen. Wir weisen darauf hin, dass wir als Anbieter der Seiten keine Kenntnis vom Inhalt der \u00fcbermittelten Daten sowie deren Nutzung durch YouTube erhalten.<br><br>Weitere Informationen hierzu finden Sie in der Datenschutzerkl\u00e4rung von YouTube: <a href=\"https:\/\/www.google.de\/intl\/de\/policies\/privacy\/\" target=\"_blank\" rel=\"noreferrer noopener\">https:\/\/www.google.de\/intl\/de\/policies\/privacy\/<\/a>. Wir vermeiden zum Schutz Ihrer Daten das automatische Abspielen von youTube-Videos.<br><br><strong>Datenschutzerkl\u00e4rung f\u00fcr die Nutzung von vimeo<\/strong><br>Auf unseren Seiten sind Funktionen des Dienstes vimeo eingebunden. Diese Funktionen werden angeboten durch die Vimeo, LLC, 555 West 18th Street, New York, New York 10011, USA. Vimeo kann den Besuch unserer Seiten u.U. Ihrem Benutzerkonto zuordnen. Wir weisen darauf hin, dass wir als Anbieter der Seiten keine Kenntnis vom Inhalt der \u00fcbermittelten Daten sowie deren Nutzung durch vimeo erhalten.<br><br>Weitere Informationen hierzu finden Sie in der Datenschutzerkl\u00e4rung von vimeo: <a href=\"https:\/\/vimeo.com\/privacy\" target=\"_blank\" rel=\"noreferrer noopener\">https:\/\/vimeo.com\/privacy<\/a>.<br><br><strong>googleWebFonts und andere CDNs<\/strong><br>Um ein bestm\u00f6gliches Nutzererlebnis anbieten zu k\u00f6nnen, nutzen wir auf Grundlage des berechtigten Interesses nach Art. 6 Abs. 1 lit. f sog. Content Delivery Networks (CDNs). Darunter f\u00e4llt u.a. auch die Einbindung der googleWebfonts.<br>Funktionsbedingt erhalten die Anbieter dieser Dienste die IP-Adresse eines jeden Nutzers, da die Inhalte ohne diese nicht ausgeliefert werden k\u00f6nnen. Da die Anbieter zudem technisch auch Coolies setzen und die Nutzer in ihrem Verhalten verfolgen k\u00f6nnten, sog. Profiling, w\u00e4hlen wir CDNs sehr sorgf\u00e4lltig, sparsam und nur bei Notwendigkeit zur Nutzung aus.<br><br><strong>Server-Log-Files<\/strong><br>Der Provider der Seiten erhebt und speichert automatisch Informationen in sog. Server-Log Files, die Ihr Browser automatisch an uns \u00fcbermittelt. Dies sind:<\/p>\n\n\n\n<ul class=\"wp-block-list\"><li>Browsertyp\/ Browserversion<\/li><li>verwendetes Betriebssystem<\/li><li>Referrer URL<\/li><li>Hostname des zugreifenden Rechners<\/li><li>Uhrzeit der Serveranfrage<\/li><\/ul>\n\n\n\n<p>Diese Daten sind nicht bestimmten Personen zuordenbar. Eine Zusammenf\u00fchrung dieser Daten mit anderen Datenquellen wird nicht vorgenommen. Wir behalten uns vor, diese Daten nachtr\u00e4glich zu pr\u00fcfen, wenn uns konkrete Anhaltspunkte f\u00fcr eine rechtswidrige Nutzung bekannt werden.<br><br>Sofern technisch m\u00f6glich werden ggf. auch zus\u00e4tzliche Daten zur allgemeinen Nutzbarkeit (Bildschirmaufl\u00f6sung, Reaktionszeiten) gespeichert und dienen der Verbesserung und Optimierung (z.B. Ladezeiten; Usability). Diese Daten lassen keine R\u00fcckschl\u00fcsse auf pers\u00f6nliche Daten zu.<br><br><strong>Widerspruch Werbe-Mails<\/strong><br>Der Nutzung von im Rahmen der Impressumspflicht ver\u00f6ffentlichten Kontaktdaten zur \u00dcbersendung von nicht ausdr\u00fccklich angeforderter Werbung und Informationsmaterialien wird hiermit widersprochen. Die Betreiber der Seiten behalten sich ausdr\u00fccklich rechtliche Schritte im Falle der unverlangten Zusendung von Werbeinformationen, etwa durch Spam-eMails, vor.<\/p>\n","protected":false},"excerpt":{"rendered":"<p>Datenschutzerkl\u00e4rungIn dieser Datenschutzerkl\u00e4rung informieren wir Sie \u00fcber die Art, den Umfang und den Zweck der Verarbeitung personenbezogener Daten (kurz \u201eDaten\u201c) auf unserer Website und weiteren angebunden Online-Angeboten wie unseren Social-Media-Profilen, App-Angeboten f\u00fcr Smartphones und Tablets sowie den Umgang mit eMails (kurz \u201eOnlineangebot\u201c) und die f\u00fcr Sie aus der DS-GVO resultierenden Rechte. Wir verwenden au\u00dferdem Begriffe [&hellip;]<\/p>\n","protected":false},"author":1,"featured_media":0,"parent":0,"menu_order":0,"comment_status":"closed","ping_status":"closed","template":"","meta":{"footnotes":""},"class_list":["post-136","page","type-page","status-publish","hentry"],"_links":{"self":[{"href":"https:\/\/parkhaus-bohus-center.de\/index.php?rest_route=\/wp\/v2\/pages\/136","targetHints":{"allow":["GET"]}}],"collection":[{"href":"https:\/\/parkhaus-bohus-center.de\/index.php?rest_route=\/wp\/v2\/pages"}],"about":[{"href":"https:\/\/parkhaus-bohus-center.de\/index.php?rest_route=\/wp\/v2\/types\/page"}],"author":[{"embeddable":true,"href":"https:\/\/parkhaus-bohus-center.de\/index.php?rest_route=\/wp\/v2\/users\/1"}],"replies":[{"embeddable":true,"href":"https:\/\/parkhaus-bohus-center.de\/index.php?rest_route=%2Fwp%2Fv2%2Fcomments&post=136"}],"version-history":[{"count":1,"href":"https:\/\/parkhaus-bohus-center.de\/index.php?rest_route=\/wp\/v2\/pages\/136\/revisions"}],"predecessor-version":[{"id":137,"href":"https:\/\/parkhaus-bohus-center.de\/index.php?rest_route=\/wp\/v2\/pages\/136\/revisions\/137"}],"wp:attachment":[{"href":"https:\/\/parkhaus-bohus-center.de\/index.php?rest_route=%2Fwp%2Fv2%2Fmedia&parent=136"}],"curies":[{"name":"wp","href":"https:\/\/api.w.org\/{rel}","templated":true}]}}